{"id":6,"date":"2021-01-30T10:22:43","date_gmt":"2021-01-30T10:22:43","guid":{"rendered":"http:\/\/dgarciasanchez.com\/?page_id=6"},"modified":"2021-03-16T23:51:40","modified_gmt":"2021-03-16T22:51:40","slug":"acerca-de","status":"publish","type":"page","link":"https:\/\/dgarciasanchez.com\/index.php\/acerca-de\/","title":{"rendered":"Acerca de"},"content":{"rendered":"\t\t<div data-elementor-type=\"wp-page\" data-elementor-id=\"6\" class=\"elementor elementor-6\" data-elementor-settings=\"[]\">\n\t\t\t\t\t\t\t<div class=\"elementor-section-wrap\">\n\t\t\t\t\t\t\t<section class=\"elementor-section elementor-top-section elementor-element elementor-element-ae5141a elementor-section-boxed elementor-section-height-default elementor-section-height-default\" data-id=\"ae5141a\" data-element_type=\"section\" data-settings=\"{&quot;background_background&quot;:&quot;classic&quot;}\">\n\t\t\t\t\t\t<div class=\"elementor-container elementor-column-gap-default\">\n\t\t\t\t\t<div class=\"elementor-column elementor-col-100 elementor-top-column elementor-element elementor-element-6815575\" data-id=\"6815575\" data-element_type=\"column\">\n\t\t\t<div class=\"elementor-widget-wrap elementor-element-populated\">\n\t\t\t\t\t\t\t\t<div class=\"elementor-element elementor-element-a35e48c elementor-widget elementor-widget-spacer\" data-id=\"a35e48c\" data-element_type=\"widget\" data-widget_type=\"spacer.default\">\n\t\t\t\t<div class=\"elementor-widget-container\">\n\t\t\t\t\t<div class=\"elementor-spacer\">\n\t\t\t<div class=\"elementor-spacer-inner\"><\/div>\n\t\t<\/div>\n\t\t\t\t<\/div>\n\t\t\t\t<\/div>\n\t\t\t\t<div class=\"elementor-element elementor-element-29bab7c elementor-widget elementor-widget-heading\" data-id=\"29bab7c\" data-element_type=\"widget\" data-widget_type=\"heading.default\">\n\t\t\t\t<div class=\"elementor-widget-container\">\n\t\t\t<h1 class=\"elementor-heading-title elementor-size-xl\">Sobre m\u00ed<\/h1>\t\t<\/div>\n\t\t\t\t<\/div>\n\t\t\t\t\t<\/div>\n\t\t<\/div>\n\t\t\t\t\t\t\t<\/div>\n\t\t<\/section>\n\t\t\t\t<section class=\"elementor-section elementor-top-section elementor-element elementor-element-c25f49d elementor-section-boxed elementor-section-height-default elementor-section-height-default\" data-id=\"c25f49d\" data-element_type=\"section\" data-settings=\"{&quot;background_background&quot;:&quot;classic&quot;}\">\n\t\t\t\t\t\t<div class=\"elementor-container elementor-column-gap-default\">\n\t\t\t\t\t<div class=\"elementor-column elementor-col-100 elementor-top-column elementor-element elementor-element-65a7add\" data-id=\"65a7add\" data-element_type=\"column\">\n\t\t\t<div class=\"elementor-widget-wrap elementor-element-populated\">\n\t\t\t\t\t\t\t\t<div class=\"elementor-element elementor-element-83b42d8 elementor-widget elementor-widget-image\" data-id=\"83b42d8\" data-element_type=\"widget\" data-widget_type=\"image.default\">\n\t\t\t\t<div class=\"elementor-widget-container\">\n\t\t\t\t\t\t\t\t\t\t\t\t\t\t\t<img width=\"300\" height=\"300\" src=\"https:\/\/dgarciasanchez.com\/wp-content\/uploads\/2021\/01\/David-300x300.jpg\" class=\"attachment-medium size-medium\" alt=\"David Garc\u00eda\" loading=\"lazy\" srcset=\"https:\/\/dgarciasanchez.com\/wp-content\/uploads\/2021\/01\/David-300x300.jpg 300w, https:\/\/dgarciasanchez.com\/wp-content\/uploads\/2021\/01\/David-1024x1024.jpg 1024w, https:\/\/dgarciasanchez.com\/wp-content\/uploads\/2021\/01\/David-150x150.jpg 150w, https:\/\/dgarciasanchez.com\/wp-content\/uploads\/2021\/01\/David-768x768.jpg 768w, https:\/\/dgarciasanchez.com\/wp-content\/uploads\/2021\/01\/David-1536x1536.jpg 1536w, https:\/\/dgarciasanchez.com\/wp-content\/uploads\/2021\/01\/David.jpg 2000w\" sizes=\"(max-width: 300px) 100vw, 300px\" \/>\t\t\t\t\t\t\t\t\t\t\t\t\t\t\t<\/div>\n\t\t\t\t<\/div>\n\t\t\t\t<div class=\"elementor-element elementor-element-973de6a elementor-widget elementor-widget-text-editor\" data-id=\"973de6a\" data-element_type=\"widget\" data-widget_type=\"text-editor.default\">\n\t\t\t\t<div class=\"elementor-widget-container\">\n\t\t\t\t\t\t\t\t<p class=\"columnas texto-izquierda color-gris Tama\u00f1oTexto2 paddingleft10 alinear-v-centro paddingTop20\">Si est\u00e1s en esta p\u00e1gina es porque te interesa un poco saber c\u00f3mo he llegado hasta aqu\u00ed.<br \/>Nac\u00ed el 21 de Mayo de 1985 en Madrid. Desde entonces toda mi infancia la pas\u00e9 en el maravilloso barrio de Vallecas en el cual desarroll\u00e9 otra de mis aficciones y a la cual ahora no le dedico tiempo que es el baloncesto. Han pasado muchos a\u00f1os desde entonces y desde que salieron las c\u00e1maras digitales me encantaba la idea de poder hacer todas las fotos que quisiera sin tener que consumir carretes de fotos que encima los pagaban mis padres.<\/p>\n<p class=\"columnas texto-izquierda color-gris Tama\u00f1oTexto2 paddingleft10 alinear-v-centro paddingTop20\">No me dedico profesionalmente a la fotograf\u00eda y soy un mero aficcionado, mi profesi\u00f3n es la de T\u00e9cnico Inform\u00e1tico y parte de mi tiempo libre lo dedico a mi mujer e hija y a la fotograf\u00eda.<\/p>\n<p class=\"columnas texto-izquierda color-gris Tama\u00f1oTexto2 paddingleft10 alinear-v-centro paddingTop20\">En el 2015 con motivo de realizar un maravilloso crucero por el Mediterraneo con mi esposa, ella me regal\u00f3 mi primera reflex (Nikon D3200), desde entonces he querido aprender m\u00e1s y m\u00e1s de esta aficci\u00f3n que me lleva a escenarios maravillosos y situaciones especiales con tal de inmortalizarlas.<br \/>En febrero de 2019 me un\u00ed a la Asociaci\u00f3n Fotogr\u00e1fica de M\u00f3stoles (AFOM) y en ella he conocido maravillosas personas de las cuales cada d\u00eda aprendo m\u00e1s. Poco a poco he ido decant\u00e1ndome por la disciplina paisaj\u00edstica y actualmente es el tipo de fotograf\u00eda que m\u00e1s me gusta.<\/p>\n<p class=\"columnas texto-izquierda color-gris Tama\u00f1oTexto2 paddingleft10 alinear-v-centro paddingTop20\">Cada fin de semana intento salir m\u00ednimo una vez para realizar fotograf\u00eda, si el clima lo permite. \u00daltimamente suelo hacer mucha fotograf\u00eda nocturna ya que compagina la vida familiar con esta aficci\u00f3n bastante bien. En el invierno es un poco m\u00e1s complicado debido a que anochece muy pronto y hace mucho m\u00e1s frio, pero como todo en la vida &#8220;sarna con gusto no pica&#8221;.<\/p>\t\t\t\t\t\t<\/div>\n\t\t\t\t<\/div>\n\t\t\t\t\t<\/div>\n\t\t<\/div>\n\t\t\t\t\t\t\t<\/div>\n\t\t<\/section>\n\t\t\t\t\t\t<\/div>\n\t\t\t\t\t<\/div>\n\t\t","protected":false},"excerpt":{"rendered":"<p>Sobre m\u00ed Si est\u00e1s en esta p\u00e1gina es porque te interesa un poco saber c\u00f3mo he llegado hasta aqu\u00ed.Nac\u00ed el 21 de Mayo de 1985 en Madrid. Desde entonces toda mi infancia la pas\u00e9 en el maravilloso barrio de Vallecas en el cual desarroll\u00e9 otra de mis aficciones y a la cual ahora no le [&hellip;]<\/p>\n","protected":false},"author":1,"featured_media":0,"parent":0,"menu_order":0,"comment_status":"closed","ping_status":"closed","template":"","meta":[],"_links":{"self":[{"href":"https:\/\/dgarciasanchez.com\/index.php\/wp-json\/wp\/v2\/pages\/6"}],"collection":[{"href":"https:\/\/dgarciasanchez.com\/index.php\/wp-json\/wp\/v2\/pages"}],"about":[{"href":"https:\/\/dgarciasanchez.com\/index.php\/wp-json\/wp\/v2\/types\/page"}],"author":[{"embeddable":true,"href":"https:\/\/dgarciasanchez.com\/index.php\/wp-json\/wp\/v2\/users\/1"}],"replies":[{"embeddable":true,"href":"https:\/\/dgarciasanchez.com\/index.php\/wp-json\/wp\/v2\/comments?post=6"}],"version-history":[{"count":22,"href":"https:\/\/dgarciasanchez.com\/index.php\/wp-json\/wp\/v2\/pages\/6\/revisions"}],"predecessor-version":[{"id":740,"href":"https:\/\/dgarciasanchez.com\/index.php\/wp-json\/wp\/v2\/pages\/6\/revisions\/740"}],"wp:attachment":[{"href":"https:\/\/dgarciasanchez.com\/index.php\/wp-json\/wp\/v2\/media?parent=6"}],"curies":[{"name":"wp","href":"https:\/\/api.w.org\/{rel}","templated":true}]}}